{"id":25289,"date":"2026-02-03T12:52:08","date_gmt":"2026-02-03T12:52:08","guid":{"rendered":"https:\/\/weinfachschule.de\/?page_id=25289"},"modified":"2026-02-03T12:52:08","modified_gmt":"2026-02-03T12:52:08","slug":"impressum-2","status":"publish","type":"page","link":"https:\/\/weinfachschule.de\/?page_id=25289","title":{"rendered":"Impressum"},"content":{"rendered":"\t\t<div data-elementor-type=\"wp-page\" data-elementor-id=\"25289\" class=\"elementor elementor-25289\" data-elementor-post-type=\"page\">\n\t\t\t\t\t\t<section class=\"elementor-section elementor-top-section elementor-element elementor-element-4397f1e elementor-section-boxed elementor-section-height-default elementor-section-height-default\" data-id=\"4397f1e\" data-element_type=\"section\">\n\t\t\t\t\t\t<div class=\"elementor-container elementor-column-gap-default\">\n\t\t\t\t\t<div class=\"elementor-column elementor-col-100 elementor-top-column elementor-element elementor-element-e55fbaa\" data-id=\"e55fbaa\" data-element_type=\"column\">\n\t\t\t<div class=\"elementor-widget-wrap\">\n\t\t\t\t\t\t\t<\/div>\n\t\t<\/div>\n\t\t\t\t\t<\/div>\n\t\t<\/section>\n\t\t\t\t<section class=\"elementor-section elementor-top-section elementor-element elementor-element-4c260f3 elementor-section-boxed elementor-section-height-default elementor-section-height-default\" data-id=\"4c260f3\" data-element_type=\"section\">\n\t\t\t\t\t\t<div class=\"elementor-container elementor-column-gap-default\">\n\t\t\t\t\t<div class=\"elementor-column elementor-col-100 elementor-top-column elementor-element elementor-element-0a98993\" data-id=\"0a98993\" data-element_type=\"column\">\n\t\t\t<div class=\"elementor-widget-wrap elementor-element-populated\">\n\t\t\t\t\t\t<div class=\"elementor-element elementor-element-0a9cc29 elementor-widget elementor-widget-text-editor\" data-id=\"0a9cc29\" data-element_type=\"widget\" data-widget_type=\"text-editor.default\">\n\t\t\t\t<div class=\"elementor-widget-container\">\n\t\t\t\t\t\t\t\t\t<p>F\u00fcr das gesamte Angebot sind nach \u00a7 5 TMG folgende Verantwortliche aufgelistet:<\/p><p>\u00a0<\/p><p>Verein Ehemaliger Rheinhessischer Fachsch\u00fcler Oppenheim e.V. (VEO)<\/p><p>Vertreten durch den Vorstand<\/p><p>Ursula Bernhard-R\u00e4der, Vorsitzende<\/p><p>Norbert Breier, Gesch\u00e4ftsf\u00fchrer<\/p><p>Wormser Str. 111<\/p><p>55276 Oppenheim<\/p><p>Deutschland<\/p><p>\u00a0<\/p><p>Mail: <a href=\"mailto:norbert.breier@dlr.rlp.de\">norbert.breier[at]dlr.rlp.de<\/a><\/p><p>Tel.: +49 (0)671-820-3211<\/p><p>Fax.: +49 (0)6133\/930-103<\/p><p>\u00a0<\/p><p>Steuernummer: 26\/670\/0005\/9<\/p><p>Registernummer: 3572<\/p>\t\t\t\t\t\t\t\t<\/div>\n\t\t\t\t<\/div>\n\t\t\t\t\t<\/div>\n\t\t<\/div>\n\t\t\t\t\t<\/div>\n\t\t<\/section>\n\t\t\t\t<\/div>\n\t\t","protected":false},"excerpt":{"rendered":"<p>F\u00fcr das gesamte Angebot sind nach \u00a7 5 TMG folgende Verantwortliche aufgelistet: \u00a0 Verein Ehemaliger Rheinhessischer Fachsch\u00fcler Oppenheim e.V. (VEO) Vertreten durch den Vorstand Ursula Bernhard-R\u00e4der, Vorsitzende Norbert Breier, Gesch\u00e4ftsf\u00fchrer Wormser Str. 111 55276 Oppenheim Deutschland \u00a0 Mail: norbert.breier[at]dlr.rlp.de Tel.: +49 (0)671-820-3211 Fax.: +49 (0)6133\/930-103 \u00a0 Steuernummer: 26\/670\/0005\/9 Registernummer: 3572<\/p>\n","protected":false},"author":8,"featured_media":0,"parent":0,"menu_order":0,"comment_status":"closed","ping_status":"closed","template":"","meta":{"footnotes":""},"class_list":["post-25289","page","type-page","status-publish","hentry"],"yoast_head":"<!-- This site is optimized with the Yoast SEO plugin v26.3 - https:\/\/yoast.com\/wordpress\/plugins\/seo\/ -->\n<title>Impressum - Weinfachschulprojekt<\/title>\n<meta name=\"robots\" content=\"index, follow, max-snippet:-1, max-image-preview:large, max-video-preview:-1\" \/>\n<link rel=\"canonical\" href=\"https:\/\/weinfachschule.de\/?page_id=25289\" \/>\n<meta property=\"og:locale\" content=\"de_DE\" \/>\n<meta property=\"og:type\" content=\"article\" \/>\n<meta property=\"og:title\" content=\"Impressum - Weinfachschulprojekt\" \/>\n<meta property=\"og:description\" content=\"F\u00fcr das gesamte Angebot sind nach \u00a7 5 TMG folgende Verantwortliche aufgelistet: \u00a0 Verein Ehemaliger Rheinhessischer Fachsch\u00fcler Oppenheim e.V. (VEO) Vertreten durch den Vorstand Ursula Bernhard-R\u00e4der, Vorsitzende Norbert Breier, Gesch\u00e4ftsf\u00fchrer Wormser Str. 111 55276 Oppenheim Deutschland \u00a0 Mail: norbert.breier[at]dlr.rlp.de Tel.: +49 (0)671-820-3211 Fax.: +49 (0)6133\/930-103 \u00a0 Steuernummer: 26\/670\/0005\/9 Registernummer: 3572\" \/>\n<meta property=\"og:url\" content=\"https:\/\/weinfachschule.de\/?page_id=25289\" \/>\n<meta property=\"og:site_name\" content=\"Weinfachschulprojekt\" \/>\n<meta property=\"article:publisher\" content=\"https:\/\/www.facebook.com\/FachschulprojektOppenheim\/\" \/>\n<meta name=\"twitter:card\" content=\"summary_large_image\" \/>\n<meta name=\"twitter:label1\" content=\"Gesch\u00e4tzte Lesezeit\" \/>\n\t<meta name=\"twitter:data1\" content=\"1\u00a0Minute\" \/>\n<script type=\"application\/ld+json\" class=\"yoast-schema-graph\">{\"@context\":\"https:\/\/schema.org\",\"@graph\":[{\"@type\":\"WebPage\",\"@id\":\"https:\/\/weinfachschule.de\/?page_id=25289\",\"url\":\"https:\/\/weinfachschule.de\/?page_id=25289\",\"name\":\"Impressum - Weinfachschulprojekt\",\"isPartOf\":{\"@id\":\"https:\/\/weinfachschule.de\/#website\"},\"datePublished\":\"2026-02-03T12:52:08+00:00\",\"breadcrumb\":{\"@id\":\"https:\/\/weinfachschule.de\/?page_id=25289#breadcrumb\"},\"inLanguage\":\"de\",\"potentialAction\":[{\"@type\":\"ReadAction\",\"target\":[\"https:\/\/weinfachschule.de\/?page_id=25289\"]}]},{\"@type\":\"BreadcrumbList\",\"@id\":\"https:\/\/weinfachschule.de\/?page_id=25289#breadcrumb\",\"itemListElement\":[{\"@type\":\"ListItem\",\"position\":1,\"name\":\"Startseite\",\"item\":\"https:\/\/weinfachschule.de\/\"},{\"@type\":\"ListItem\",\"position\":2,\"name\":\"Impressum\"}]},{\"@type\":\"WebSite\",\"@id\":\"https:\/\/weinfachschule.de\/#website\",\"url\":\"https:\/\/weinfachschule.de\/\",\"name\":\"Weinfachschulprojekt\",\"description\":\"\",\"potentialAction\":[{\"@type\":\"SearchAction\",\"target\":{\"@type\":\"EntryPoint\",\"urlTemplate\":\"https:\/\/weinfachschule.de\/?s={search_term_string}\"},\"query-input\":{\"@type\":\"PropertyValueSpecification\",\"valueRequired\":true,\"valueName\":\"search_term_string\"}}],\"inLanguage\":\"de\"}]}<\/script>\n<!-- \/ Yoast SEO plugin. -->","yoast_head_json":{"title":"Impressum - Weinfachschulprojekt","robots":{"index":"index","follow":"follow","max-snippet":"max-snippet:-1","max-image-preview":"max-image-preview:large","max-video-preview":"max-video-preview:-1"},"canonical":"https:\/\/weinfachschule.de\/?page_id=25289","og_locale":"de_DE","og_type":"article","og_title":"Impressum - Weinfachschulprojekt","og_description":"F\u00fcr das gesamte Angebot sind nach \u00a7 5 TMG folgende Verantwortliche aufgelistet: \u00a0 Verein Ehemaliger Rheinhessischer Fachsch\u00fcler Oppenheim e.V. (VEO) Vertreten durch den Vorstand Ursula Bernhard-R\u00e4der, Vorsitzende Norbert Breier, Gesch\u00e4ftsf\u00fchrer Wormser Str. 111 55276 Oppenheim Deutschland \u00a0 Mail: norbert.breier[at]dlr.rlp.de Tel.: +49 (0)671-820-3211 Fax.: +49 (0)6133\/930-103 \u00a0 Steuernummer: 26\/670\/0005\/9 Registernummer: 3572","og_url":"https:\/\/weinfachschule.de\/?page_id=25289","og_site_name":"Weinfachschulprojekt","article_publisher":"https:\/\/www.facebook.com\/FachschulprojektOppenheim\/","twitter_card":"summary_large_image","twitter_misc":{"Gesch\u00e4tzte Lesezeit":"1\u00a0Minute"},"schema":{"@context":"https:\/\/schema.org","@graph":[{"@type":"WebPage","@id":"https:\/\/weinfachschule.de\/?page_id=25289","url":"https:\/\/weinfachschule.de\/?page_id=25289","name":"Impressum - Weinfachschulprojekt","isPartOf":{"@id":"https:\/\/weinfachschule.de\/#website"},"datePublished":"2026-02-03T12:52:08+00:00","breadcrumb":{"@id":"https:\/\/weinfachschule.de\/?page_id=25289#breadcrumb"},"inLanguage":"de","potentialAction":[{"@type":"ReadAction","target":["https:\/\/weinfachschule.de\/?page_id=25289"]}]},{"@type":"BreadcrumbList","@id":"https:\/\/weinfachschule.de\/?page_id=25289#breadcrumb","itemListElement":[{"@type":"ListItem","position":1,"name":"Startseite","item":"https:\/\/weinfachschule.de\/"},{"@type":"ListItem","position":2,"name":"Impressum"}]},{"@type":"WebSite","@id":"https:\/\/weinfachschule.de\/#website","url":"https:\/\/weinfachschule.de\/","name":"Weinfachschulprojekt","description":"","potentialAction":[{"@type":"SearchAction","target":{"@type":"EntryPoint","urlTemplate":"https:\/\/weinfachschule.de\/?s={search_term_string}"},"query-input":{"@type":"PropertyValueSpecification","valueRequired":true,"valueName":"search_term_string"}}],"inLanguage":"de"}]}},"_links":{"self":[{"href":"https:\/\/weinfachschule.de\/index.php?rest_route=\/wp\/v2\/pages\/25289","targetHints":{"allow":["GET"]}}],"collection":[{"href":"https:\/\/weinfachschule.de\/index.php?rest_route=\/wp\/v2\/pages"}],"about":[{"href":"https:\/\/weinfachschule.de\/index.php?rest_route=\/wp\/v2\/types\/page"}],"author":[{"embeddable":true,"href":"https:\/\/weinfachschule.de\/index.php?rest_route=\/wp\/v2\/users\/8"}],"replies":[{"embeddable":true,"href":"https:\/\/weinfachschule.de\/index.php?rest_route=%2Fwp%2Fv2%2Fcomments&post=25289"}],"version-history":[{"count":4,"href":"https:\/\/weinfachschule.de\/index.php?rest_route=\/wp\/v2\/pages\/25289\/revisions"}],"predecessor-version":[{"id":25294,"href":"https:\/\/weinfachschule.de\/index.php?rest_route=\/wp\/v2\/pages\/25289\/revisions\/25294"}],"wp:attachment":[{"href":"https:\/\/weinfachschule.de\/index.php?rest_route=%2Fwp%2Fv2%2Fmedia&parent=25289"}],"curies":[{"name":"wp","href":"https:\/\/api.w.org\/{rel}","templated":true}]}}